{"id":221,"date":"2019-04-04T11:50:15","date_gmt":"2019-04-04T09:50:15","guid":{"rendered":"https:\/\/www.continentaledison.fr\/mentions-legales\/"},"modified":"2022-05-30T17:37:58","modified_gmt":"2022-05-30T15:37:58","slug":"legal-notice","status":"publish","type":"page","link":"https:\/\/www.continentaledison.fr\/en\/legal-notice\/","title":{"rendered":"Legal notice and Cookie policy"},"content":{"rendered":"&#13;\n<p>I. Ce site internet est \u00e9dit\u00e9 par Continental Edison, soci\u00e9t\u00e9 anonyme au capital de 6\u00a0642 912.78 \u20ac, immatricul\u00e9e au Registre du Commerce et des Soci\u00e9t\u00e9s de Bordeaux sous le num\u00e9ro 424 059 822, dont le si\u00e8ge social est situ\u00e9 120-126 quai de Bacalan 33000 Bordeaux, num\u00e9ro TVA intracommunautaire FR 34 424 059\u00a0822..<\/p>&#13;\n&#13;\n<p>Le directeur de la publication est Monsieur Emmanuel GRENIER, Pr\u00e9sident Directeur G\u00e9n\u00e9ral.<\/p>&#13;\n&#13;\n<p>Ce site internet est h\u00e9berg\u00e9 par\u00a0:<br\/>OVH<br\/>SAS au capital de 10 069 020 \u20ac<br\/>RCS Lille M\u00e9tropole 424 761 419 00045<br\/>Si\u00e8ge social : 2 rue Kellermann &#8211; 59100 Roubaix &#8211; France<\/p>&#13;\n&#13;\n<p>II. Pour toute information ou conseil, vous pouvez nous contacter par t\u00e9l\u00e9phone, via notre Ligne Conseil accessible au 3979 (0.70cts\/min + prix de l\u2019appel) du lundi au vendredi de 8h30H \u00e0 23H et les week-ends et jours f\u00e9ri\u00e9s de 9H \u00e0 23H.<\/p>&#13;\n&#13;\n<p>III. Continental Edison met tout en \u0153uvre pour offrir \u00e0 ses utilisateurs la meilleure exp\u00e9rience de navigation possible ainsi que des informations compl\u00e8tes et pertinentes. Dans le cas o\u00f9 vous remarqueriez un contenu inappropri\u00e9 ou illicite, nous vous invitons \u00e0 nous le signaler \u00e0 l\u2019adresse suivante\u00a0: <br\/>CONTINENTAL EDISON<br\/>120-126 quai de Bacalan<br\/>33000 Bordeaux<\/p>&#13;\n&#13;\n<p>IV. Continental Edison est propri\u00e9taire et\/ou dispose des autorisations n\u00e9cessaires pour diffuser l\u2019int\u00e9gralit\u00e9 du contenu du Site ou rendu disponible \u00e0 travers le Site et notamment, les textes, dessins, graphiques, images, photos, marques et logos. Ces contenus sont prot\u00e9g\u00e9s par des droits de propri\u00e9t\u00e9 intellectuelle ; il vous est par cons\u00e9quent interdit de copier, modifier, retranscrire, extraire, r\u00e9utiliser et d\u2019une mani\u00e8re g\u00e9n\u00e9rale reproduire et diffuser lesdits contenus sans l\u2019autorisation expresse de <br\/>Continental Edison. Nous attirons votre attention sur le fait que la violation des droits de propri\u00e9t\u00e9 intellectuelle est constitutive du d\u00e9lit de contrefa\u00e7on, p\u00e9nalement sanctionn\u00e9.<\/p>&#13;\n&#13;\n<p>V. Afin d\u2019avoir plus d\u2019informations sur l\u2019utilisation des cookies, nous vous invitions \u00e0 consulter notre page \u00ab\u00a0Politique d\u2019utilisation des Cookies\u00a0\u00bb, accessible au bas de chaque page du Site.<\/p>&#13;\n&#13;\n<h2 class=\"wp-block-heading\" id=\"mce_26\">Politique d\u2019utilisation des cookies<\/h2>&#13;\n&#13;\n<h3 class=\"wp-block-heading\" id=\"mce_27\">1. Qu\u2019est-ce qu\u2019un cookie ?<\/h3>&#13;\n&#13;\n<p>A l\u2019occasion de la consultation d\u2019un site internet, un \u00e9diteur de site internet, tel que Continental Edison peut \u00eatre amen\u00e9e, sous r\u00e9serve de vos choix, \u00e0 d\u00e9poser sur votre terminal (ordinateur, smartphone, tablette), gr\u00e2ce \u00e0 votre navigateur, un fichier texte.<\/p>&#13;\n&#13;\n<p>Ce fichier texte est un cookie. Il va permettre \u00e0 Continentaledison , pendant la dur\u00e9e de validit\u00e9 ou d\u2019enregistrement du cookie, d\u2019identifier votre terminal lors de vos prochaines visites.\u00a0<\/p>&#13;\n&#13;\n<p>Seul l\u2019\u00e9metteur d&#8217;un cookie est susceptible de lire ou de modifier les informations contenues dans ce cookie.<\/p>&#13;\n&#13;\n<p>Vous trouverez ci-dessous les informations relatives aux cookies susceptibles d\u2019\u00eatre d\u00e9pos\u00e9s sur votre terminal lorsque vous visitez des pages du site www.continentaledison.com, soit par ContinentalEdison, soit par des tiers, ainsi que les moyens vous permettant de supprimer\/refuser l\u2019inscription de ces cookies sur votre terminal.<\/p>&#13;\n&#13;\n<h3 class=\"wp-block-heading\" id=\"mce_32\">2. Les cookies utilis\u00e9s sur ce site web<\/h3>&#13;\n&#13;\n<p>Cookies \u00ab\u00a0Essentiels\u00a0\u00bb\u00a0: ces cookies sont indispensables \u00e0 la navigation sur notre site, notamment \u00e0 la bonne ex\u00e9cution du processus de recherche de notices et guides utilisateurs propres relatifs aux produits.<\/p>&#13;\n&#13;\n<p>Cookies \u00ab\u00a0Analytiques\u00a0\u00bb\u00a0: ces cookies ne sont pas indispensables \u00e0 la navigation sur notre site mais peuvent permettre pour vous\u00a0: de faciliter vos recherches, d\u2019optimiser votre exp\u00e9rience d\u2019achat, et pour nous\u00a0: de mieux cibler vos attentes et quantifiant le nombre de visites sur le Site.<\/p>&#13;\n&#13;\n<p>Il s\u2019agit de cookies t\u00e9l\u00e9charg\u00e9s sur votre terminal par une entit\u00e9 tierce\u00a0: Google Analytics.<\/p>&#13;\n&#13;\n<h3 class=\"wp-block-heading\" id=\"mce_36\">3. G\u00e9rer les cookies d\u00e9pos\u00e9s sur votre terminal<\/h3>&#13;\n&#13;\n<p>Vous pouvez autoriser, bloquer ou supprimer les cookies install\u00e9s sur votre poste en param\u00e9trant les options de votre navigateur. Pour les navigateurs les plus courants, vous trouverez des indications via les liens suivants\u00a0: Firefox, Chrome, Internet Explorer, Opera, Safari.<\/p>&#13;\n&#13;\n<p>Enfin, nous tenons \u00e0 vous informer que la d\u00e9sactivation d\u2019un cookie pourrait emp\u00eacher ou rendre difficile la navigation sur notre site Internet.<\/p>&#13;\n<p>Internet Explorer\u2122 : <a href=\"http:\/\/windows.microsoft.com\/fr-FR\/windows-vista\/Block-or-allow-cookies\" target=\"_blank\" rel=\"noopener noreferrer\">http:\/\/windows.microsoft.com\/fr-FR\/windows-vista\/Block-or-allow-cookies<\/a><br\/>Safari\u2122: <a href=\"https:\/\/support.apple.com\/kb\/PH19214?locale=fr_FR&amp;viewlocale=fr_FR\" target=\"_blank\" rel=\"noopener noreferrer\">https:\/\/support.apple.com\/kb\/PH19214?locale=fr_FR&amp;viewlocale=fr_FR<\/a><br\/>Chrome\u2122: <a href=\"http:\/\/support.google.com\/chrome\/bin\/answer.py?hl=fr&amp;hlrm=en&amp;answer=95647\" target=\"_blank\" rel=\"noopener noreferrer\">http:\/\/support.google.com\/chrome\/bin\/answer.py?hl=fr&amp;hlrm=en&amp;answer=95647<\/a><br\/>Firefox\u2122 : <a href=\"http:\/\/support.mozilla.org\/fr\/kb\/Activer%20et%20d%C3%A9sactiver%20les%20cookies\" target=\"_blank\" rel=\"noopener noreferrer\">http:\/\/support.mozilla.org\/fr\/kb\/Activer%20et%20d%C3%A9sactiver%20les%20cookies<\/a><br\/>Opera\u2122: <a href=\"http:\/\/help.opera.com\/Windows\/10.20\/fr\/cookies.html\" target=\"_blank\" rel=\"noopener noreferrer\">http:\/\/help.opera.com\/Windows\/10.20\/fr\/cookies.html<\/a><\/p>&#13;\n<p><br\/>Vous pouvez vous opposer au d\u00e9p\u00f4t du cookie d\u2019analyse d\u2019audience Google Analytics via le lien suivant:\u00a0 <a href=\"https:\/\/tools.google.com\/dlpage\/gaoptout?hl=fr\" target=\"_blank\" rel=\"noopener noreferrer\" data-saferedirecturl=\"https:\/\/www.google.com\/url?q=https:\/\/tools.google.com\/dlpage\/gaoptout?hl%3Dfr&amp;source=gmail&amp;ust=1591705644132000&amp;usg=AFQjCNFOD4ziutEaCPuVu-pyqvKnEJVuYw\">https:\/\/tools.google.com\/<wbr\/>dlpage\/gaoptout?hl=fr<\/a>\u00a0<\/p>&#13;\n","protected":false},"excerpt":{"rendered":"<p>&#13; I. Ce site internet est \u00e9dit\u00e9 par Continental Edison, soci\u00e9t\u00e9 anonyme au capital de 6\u00a0642 912.78 \u20ac, immatricul\u00e9e au Registre du Commerce et des Soci\u00e9t\u00e9s de Bordeaux sous le num\u00e9ro 424 059 822, dont le si\u00e8ge social est situ\u00e9 120-126 quai de Bacalan 33000 Bordeaux, num\u00e9ro TVA intracommunautaire FR 34 424 059\u00a0822.. &#13; &#13; [&hellip;]<\/p>\n","protected":false},"author":1,"featured_media":0,"parent":0,"menu_order":0,"comment_status":"closed","ping_status":"closed","template":"templates\/mentions.php","meta":{"_acf_changed":false,"footnotes":""},"class_list":["post-221","page","type-page","status-publish","hentry"],"acf":[],"jetpack_sharing_enabled":true,"_links":{"self":[{"href":"https:\/\/www.continentaledison.fr\/en\/wp-json\/wp\/v2\/pages\/221","targetHints":{"allow":["GET"]}}],"collection":[{"href":"https:\/\/www.continentaledison.fr\/en\/wp-json\/wp\/v2\/pages"}],"about":[{"href":"https:\/\/www.continentaledison.fr\/en\/wp-json\/wp\/v2\/types\/page"}],"author":[{"embeddable":true,"href":"https:\/\/www.continentaledison.fr\/en\/wp-json\/wp\/v2\/users\/1"}],"replies":[{"embeddable":true,"href":"https:\/\/www.continentaledison.fr\/en\/wp-json\/wp\/v2\/comments?post=221"}],"version-history":[{"count":18,"href":"https:\/\/www.continentaledison.fr\/en\/wp-json\/wp\/v2\/pages\/221\/revisions"}],"predecessor-version":[{"id":734,"href":"https:\/\/www.continentaledison.fr\/en\/wp-json\/wp\/v2\/pages\/221\/revisions\/734"}],"wp:attachment":[{"href":"https:\/\/www.continentaledison.fr\/en\/wp-json\/wp\/v2\/media?parent=221"}],"curies":[{"name":"wp","href":"https:\/\/api.w.org\/{rel}","templated":true}]}}